{"id":333,"date":"2024-10-09T11:54:53","date_gmt":"2024-10-09T11:54:53","guid":{"rendered":"https:\/\/hosteriapuertopalos.com.ar\/site\/?page_id=333"},"modified":"2024-10-09T15:05:49","modified_gmt":"2024-10-09T15:05:49","slug":"habitacion-lobo","status":"publish","type":"page","link":"https:\/\/hosteriapuertopalos.com.ar\/site\/?page_id=333","title":{"rendered":"Habitaci\u00f3n Lobo"},"content":{"rendered":"\n\n\n\n\n\n\n\n","protected":false},"excerpt":{"rendered":"","protected":false},"author":2,"featured_media":0,"parent":0,"menu_order":0,"comment_status":"closed","ping_status":"closed","template":"full-width","meta":{"saved_in_kubio":true,"footnotes":""},"class_list":["post-333","page","type-page","status-publish","hentry"],"kubio_ai_page_context":{"short_desc":"Habitaci\u00f3n amplia, para tres personas , con hermosa vista a las monta\u00f1as, ba\u00f1o privado, aire acondicionado, tv satelital, wifi satelital, frigobar, pava el\u00e9ctrica y set de infusiones, servicio de limpieza. \n","purpose":"services","isFrontPage":false},"_links":{"self":[{"href":"https:\/\/hosteriapuertopalos.com.ar\/site\/index.php?rest_route=\/wp\/v2\/pages\/333","targetHints":{"allow":["GET"]}}],"collection":[{"href":"https:\/\/hosteriapuertopalos.com.ar\/site\/index.php?rest_route=\/wp\/v2\/pages"}],"about":[{"href":"https:\/\/hosteriapuertopalos.com.ar\/site\/index.php?rest_route=\/wp\/v2\/types\/page"}],"author":[{"embeddable":true,"href":"https:\/\/hosteriapuertopalos.com.ar\/site\/index.php?rest_route=\/wp\/v2\/users\/2"}],"replies":[{"embeddable":true,"href":"https:\/\/hosteriapuertopalos.com.ar\/site\/index.php?rest_route=%2Fwp%2Fv2%2Fcomments&post=333"}],"version-history":[{"count":4,"href":"https:\/\/hosteriapuertopalos.com.ar\/site\/index.php?rest_route=\/wp\/v2\/pages\/333\/revisions"}],"predecessor-version":[{"id":375,"href":"https:\/\/hosteriapuertopalos.com.ar\/site\/index.php?rest_route=\/wp\/v2\/pages\/333\/revisions\/375"}],"wp:attachment":[{"href":"https:\/\/hosteriapuertopalos.com.ar\/site\/index.php?rest_route=%2Fwp%2Fv2%2Fmedia&parent=333"}],"curies":[{"name":"wp","href":"https:\/\/api.w.org\/{rel}","templated":true}]}}