{"id":193,"date":"2024-09-26T14:53:55","date_gmt":"2024-09-26T14:53:55","guid":{"rendered":"https:\/\/hosteriapuertopalos.com.ar\/site\/?page_id=193"},"modified":"2024-09-27T13:46:54","modified_gmt":"2024-09-27T13:46:54","slug":"habitacion-ballena-2","status":"publish","type":"page","link":"https:\/\/hosteriapuertopalos.com.ar\/site\/?page_id=193","title":{"rendered":"habitacion ballena"},"content":{"rendered":"\n\n\n\n","protected":false},"excerpt":{"rendered":"","protected":false},"author":2,"featured_media":0,"parent":0,"menu_order":0,"comment_status":"closed","ping_status":"closed","template":"full-width","meta":{"saved_in_kubio":true,"footnotes":""},"class_list":["post-193","page","type-page","status-publish","hentry"],"kubio_ai_page_context":{"short_desc":"Habitaci\u00f3n doble especial con excepcional vista al mar, ba\u00f1o en suite, cama super king\n\u00a0Aire acondicionado, tv satelital, wifi, frigobar, pava el\u00e9ctrica y set de infusiones, servicio de limpieza.\n\u00a0Ba\u00f1o completo : Ba\u00f1era, art\u00edculos de tocador, estufa, ante ba\u00f1o con lavamanos, secador de pelo, toallas. \nBalc\u00f3n privado con mesa y sillas.","purpose":"portfolio","isFrontPage":false},"_links":{"self":[{"href":"https:\/\/hosteriapuertopalos.com.ar\/site\/index.php?rest_route=\/wp\/v2\/pages\/193","targetHints":{"allow":["GET"]}}],"collection":[{"href":"https:\/\/hosteriapuertopalos.com.ar\/site\/index.php?rest_route=\/wp\/v2\/pages"}],"about":[{"href":"https:\/\/hosteriapuertopalos.com.ar\/site\/index.php?rest_route=\/wp\/v2\/types\/page"}],"author":[{"embeddable":true,"href":"https:\/\/hosteriapuertopalos.com.ar\/site\/index.php?rest_route=\/wp\/v2\/users\/2"}],"replies":[{"embeddable":true,"href":"https:\/\/hosteriapuertopalos.com.ar\/site\/index.php?rest_route=%2Fwp%2Fv2%2Fcomments&post=193"}],"version-history":[{"count":3,"href":"https:\/\/hosteriapuertopalos.com.ar\/site\/index.php?rest_route=\/wp\/v2\/pages\/193\/revisions"}],"predecessor-version":[{"id":295,"href":"https:\/\/hosteriapuertopalos.com.ar\/site\/index.php?rest_route=\/wp\/v2\/pages\/193\/revisions\/295"}],"wp:attachment":[{"href":"https:\/\/hosteriapuertopalos.com.ar\/site\/index.php?rest_route=%2Fwp%2Fv2%2Fmedia&parent=193"}],"curies":[{"name":"wp","href":"https:\/\/api.w.org\/{rel}","templated":true}]}}